{"id":28,"date":"2008-07-09T23:53:21","date_gmt":"2008-07-09T22:53:21","guid":{"rendered":"http:\/\/cortytawe.org\/?page_id=28"},"modified":"2025-10-13T11:16:55","modified_gmt":"2025-10-13T10:16:55","slug":"rhaglen-y-flwyddyn","status":"publish","type":"page","link":"https:\/\/cortytawe.org\/?page_id=28","title":{"rendered":"Rhaglen y Flwyddyn"},"content":{"rendered":"<h2 class=\"mceTemp\">COR 2025<\/h2>\n<p>Cychwynnodd y c\u00f4r 2025 gyda chyngerdd i Gymdeithas Gymraeg Treforys.<\/p>\n<p>Teithiodd y c\u00f4r yn teithio i Lundain, ganol Chwefror, i ganu gyda Ch\u00f4r y Boro, yng nghapel y Boro, Nos Sadwrn, 15 Chwefror, 2025.<\/p>\n<p>Yna canodd y c\u00f4r ddwy waith yn nathliadau Gwyl Ddewi Abertawe, ar y llwyfan agored ac yn y farchnad.<\/p>\n<h2 class=\"mceTemp\">COR 2024-25<\/h2>\n<p>Mae&#8217;r c\u00f4r wedi bod ailgychwyn ers blwyddyn a mwy.<\/p>\n<p>Roedd gan y c\u00f4r raglen brysur ar gyfer 2024-25.\u00a0 Mae croeso i gymdeithasau a mudiadau gysylltu \u00e2&#8217;r c\u00f4r i drefnu cyngherddau.<\/p>\n<p><strong>Ymarferion:<\/strong><\/p>\n<p>7.00 bob nos Lun yn Nhy Tawe<\/p>\n<p><strong>Rhaglen:<\/strong><\/p>\n<p>Dyma rai digwyddiadau&#8217;r flwyddyn 2024-25:<\/p>\n<p>16 Medi: Llys Nini<\/p>\n<p>24 Hydref: Ystumllwynarth<\/p>\n<p>16 Ionawr 2025: Cymdeithas Gymraeg Treforys<\/p>\n<p>16 Mehefin 2025: Cymdeithas Gymraeg Llandeiloferwallt<\/p>\n<p>12 Gorffennaf 2025: Parc Singleton<\/p>\n<p>Yn ogystal \u00e2 hyn, bu cyngherddau Nadolig a Gwyl Ddewi, a nosweithiau Plygain.<\/p>\n<p><strong>CD<\/strong><\/p>\n<p>Mae&#8217;r CD ar werth am \u00a35: i gael copi holwch unrhyw swyddog.<\/p>\n","protected":false},"excerpt":{"rendered":"<p>COR 2025 Cychwynnodd y c\u00f4r 2025 gyda chyngerdd i Gymdeithas Gymraeg Treforys. Teithiodd y c\u00f4r yn teithio i Lundain, ganol Chwefror, i ganu gyda Ch\u00f4r y Boro, yng nghapel y Boro, Nos Sadwrn, 15 Chwefror, 2025. Yna canodd y c\u00f4r ddwy waith yn nathliadau Gwyl Ddewi Abertawe, ar y llwyfan agored ac yn y farchnad. [&hellip;]<\/p>\n","protected":false},"author":1,"featured_media":0,"parent":0,"menu_order":0,"comment_status":"closed","ping_status":"open","template":"","meta":{"footnotes":""},"class_list":["post-28","page","type-page","status-publish","hentry"],"_links":{"self":[{"href":"https:\/\/cortytawe.org\/index.php?rest_route=\/wp\/v2\/pages\/28","targetHints":{"allow":["GET"]}}],"collection":[{"href":"https:\/\/cortytawe.org\/index.php?rest_route=\/wp\/v2\/pages"}],"about":[{"href":"https:\/\/cortytawe.org\/index.php?rest_route=\/wp\/v2\/types\/page"}],"author":[{"embeddable":true,"href":"https:\/\/cortytawe.org\/index.php?rest_route=\/wp\/v2\/users\/1"}],"replies":[{"embeddable":true,"href":"https:\/\/cortytawe.org\/index.php?rest_route=%2Fwp%2Fv2%2Fcomments&post=28"}],"version-history":[{"count":22,"href":"https:\/\/cortytawe.org\/index.php?rest_route=\/wp\/v2\/pages\/28\/revisions"}],"predecessor-version":[{"id":2508,"href":"https:\/\/cortytawe.org\/index.php?rest_route=\/wp\/v2\/pages\/28\/revisions\/2508"}],"wp:attachment":[{"href":"https:\/\/cortytawe.org\/index.php?rest_route=%2Fwp%2Fv2%2Fmedia&parent=28"}],"curies":[{"name":"wp","href":"https:\/\/api.w.org\/{rel}","templated":true}]}}