{"id":58,"date":"2008-07-12T11:00:03","date_gmt":"2008-07-12T10:00:03","guid":{"rendered":"http:\/\/cortytawe.org\/?page_id=58"},"modified":"2025-10-13T11:14:39","modified_gmt":"2025-10-13T10:14:39","slug":"hafan","status":"publish","type":"page","link":"https:\/\/cortytawe.org\/?page_id=58","title":{"rendered":"Am y C\u00f4r"},"content":{"rendered":"\n<p>Sefydlwyd C\u00f4r T\u0177 Tawe yn 1990 yn g\u00f4r pedwar llais i siaradwyr Cymraeg a dysgwyr Abertawe a&#8217;r cylch. (Ty Tawe yw canolfan Gymraeg Abertawe.) Mae&#8217;r c\u00f4r yn cynnal cyngherddau ledled de Cymru, ac enillodd y gystadleuaeth i gorau bach yng Ngwyl Ban-Geltaidd Iwerddon bedair gwaith. Mae&#8217;r c\u00f4r wedi canu&#8217;n rheolaidd yn ardal Abertawe a chanodd gyda Ch\u00f4r y Boro yn Llundain yn 2025.<\/p>\n\n\n\n<p>Mae&#8217;r c\u00f4r hefyd wedi teithio&#8217;n eang, gan gynnwys cyngherddau yn yr Almaen, Awstria, Gwlad Pwyl, a Phr\u00e2g, lle y canodd mewn cyngherddau yn Eglwys St Nicolas, ar yr hen sgw\u00e2r, ac yn neuadd y dref, Nusle. Bu&#8217;r c\u00f4r ar daith i Awstria a&#8217;r Almaen yn 2004 gyda chyngherddau yn eglwys gadeiriol Salzburg, Mondsee, Zell am See a Grafing ger Munich. Yn 2005 teithiodd i Berlin a Wittenberg, ac yn 2007 bu&#8217;n canu yn eglwys gadeiriol Barcelona, eglwys abaty Montserrat ac eglwys St Pacia. Yn 2009 aethpwyd ar daith i Gdansk, Gwlad Pwyl i gynnal dwy gyngerdd. Cafodd y c\u00f4r daith lwyddiannus i&#8217;r Eidal, gan ganu yn Rovigo, 2011, Llundain 2012 a Lerpwl 2014.<\/p>\n\n\n\n<p>Mae&#8217;r c\u00f4r yn canu amrywiaeth o alawon gwerin, emynau a chaneuon modern a darnau clasurol. Cychwynnodd y c\u00f4r yn g\u00f4r i bobl ifanc, ac mae&#8217;n dal i roi lle amlwg i&#8217;r aelodau iau. Mae&#8217;r c\u00f4r yn croesawu aelodau newydd: cysylltwch os ydych chi&#8217;n gallu canu &#8211; mae&#8217;r manylion cyswllt yn yr adran Ymuno.<\/p>\n\n\n\n<p>Mae&#8217;r c\u00f4r hefyd yn croesawu ceisiadau ar gyfer cyngherddau: mae&#8217;r manylion yn yr adran Trefnu cyngerdd<\/p>\n\n\n\n<h3 class=\"wp-block-heading\">RY&#8217;N NI&#8217;N EDRYCH MLAEN I GLYWED &#8216;DA CHI.<\/h3>\n\n\n\n<p>Arweinydd y c\u00f4r yw&#8217;r Edward-Rhys Harry, yr arweinydd adnabyddus o Benclawdd.  Mae gan Edward brofiad helaeth o arwain corau yng Nghymru ac yn Lloegr ac mae wedi arwain cyngherddau ledled Ewrop, gan gynnwys yn yr Albert Hall, Llundain. Enillodd wobr Tlws y Cerddor yn yr Eisteddfod Genedlaethol yng Ngheredigion yn 2022.<\/p>\n\n\n\n<figure class=\"wp-block-image size-full is-resized\"><a href=\"https:\/\/cortytawe.org\/wp-content\/uploads\/2025\/10\/AH18334.jpg\"><img loading=\"lazy\" decoding=\"async\" width=\"400\" height=\"500\" src=\"https:\/\/cortytawe.org\/wp-content\/uploads\/2025\/10\/AH18334.jpg\" alt=\"\" class=\"wp-image-2501\" style=\"width:296px;height:auto\" srcset=\"https:\/\/cortytawe.org\/wp-content\/uploads\/2025\/10\/AH18334.jpg 400w, https:\/\/cortytawe.org\/wp-content\/uploads\/2025\/10\/AH18334-240x300.jpg 240w\" sizes=\"auto, (max-width: 400px) 100vw, 400px\" \/><\/a><\/figure>\n\n\n\n<p>  <\/p>\n\n\n\n<p>Yr arweinydd diwethaf oedd Bethan-Wynne Phillips, a arweiniodd y c\u00f4r am, ddwy flynedd yn dilyn blynyddoedd covid.  Mae hi bellach yn dilyn gyrfa fel therapydd cerdd.<\/p>\n\n\n\n<figure class=\"wp-block-image alignnone\"><a href=\"https:\/\/cortytawe.org\/wp-content\/uploads\/2025\/01\/Bethan-W-P-Headshot-002-1.jpeg\"><img loading=\"lazy\" decoding=\"async\" width=\"300\" height=\"300\" src=\"https:\/\/cortytawe.org\/wp-content\/uploads\/2025\/01\/Bethan-W-P-Headshot-002-1-300x300.jpeg\" alt=\"\" class=\"wp-image-2354\" srcset=\"https:\/\/cortytawe.org\/wp-content\/uploads\/2025\/01\/Bethan-W-P-Headshot-002-1-300x300.jpeg 300w, https:\/\/cortytawe.org\/wp-content\/uploads\/2025\/01\/Bethan-W-P-Headshot-002-1-150x150.jpeg 150w, https:\/\/cortytawe.org\/wp-content\/uploads\/2025\/01\/Bethan-W-P-Headshot-002-1.jpeg 579w\" sizes=\"auto, (max-width: 300px) 100vw, 300px\" \/><\/a><figcaption class=\"wp-element-caption\">Bethan Wynne Phillips<\/figcaption><\/figure>\n\n\n\n<p><\/p>\n\n\n\n<p><\/p>\n\n\n\n<!--more-->\n\n\n\n<p><\/p>\n\n\n\n<p>Arweiniwyd y c\u00f4r am 30 mlynedd gan Helen Gibbon, a ymddeolodd cyn y Nadolig 2022. Bu John Evans yn gyfeilydd bron o&#8217;r cychwyn, ac ymddeolodd ef yr un pryd. Bydd colled fawr ar eu h\u00f4l, a diolch i&#8217;r ddau am wasanaeth hir a gwych iawn.<\/p>\n\n\n\n<figure class=\"wp-block-image\"><a href=\"https:\/\/cortytawe.org\/wp-content\/uploads\/2008\/12\/salem-031.jpg\"><img loading=\"lazy\" decoding=\"async\" width=\"225\" height=\"300\" src=\"https:\/\/cortytawe.org\/wp-content\/uploads\/2008\/12\/salem-031-225x300.jpg\" alt=\"Cyngerdd Cwmann\" class=\"wp-image-151\" title=\"Helen yn yr eglwys\" srcset=\"https:\/\/cortytawe.org\/wp-content\/uploads\/2008\/12\/salem-031-225x300.jpg 225w, https:\/\/cortytawe.org\/wp-content\/uploads\/2008\/12\/salem-031.jpg 360w\" sizes=\"auto, (max-width: 225px) 100vw, 225px\" \/><\/a><\/figure>\n\n\n\n<p><\/p>\n\n\n\n<p><\/p>\n\n\n\n<h3 class=\"wp-block-heading\">(For information in English, please click on the English page.)<\/h3>\n","protected":false},"excerpt":{"rendered":"<p>Sefydlwyd C\u00f4r T\u0177 Tawe yn 1990 yn g\u00f4r pedwar llais i siaradwyr Cymraeg a dysgwyr Abertawe a&#8217;r cylch. (Ty Tawe yw canolfan Gymraeg Abertawe.) Mae&#8217;r c\u00f4r yn cynnal cyngherddau ledled de Cymru, ac enillodd y gystadleuaeth i gorau bach yng Ngwyl Ban-Geltaidd Iwerddon bedair gwaith. Mae&#8217;r c\u00f4r wedi canu&#8217;n rheolaidd yn ardal Abertawe a chanodd [&hellip;]<\/p>\n","protected":false},"author":1,"featured_media":0,"parent":0,"menu_order":0,"comment_status":"closed","ping_status":"open","template":"","meta":{"footnotes":""},"class_list":["post-58","page","type-page","status-publish","hentry"],"_links":{"self":[{"href":"https:\/\/cortytawe.org\/index.php?rest_route=\/wp\/v2\/pages\/58","targetHints":{"allow":["GET"]}}],"collection":[{"href":"https:\/\/cortytawe.org\/index.php?rest_route=\/wp\/v2\/pages"}],"about":[{"href":"https:\/\/cortytawe.org\/index.php?rest_route=\/wp\/v2\/types\/page"}],"author":[{"embeddable":true,"href":"https:\/\/cortytawe.org\/index.php?rest_route=\/wp\/v2\/users\/1"}],"replies":[{"embeddable":true,"href":"https:\/\/cortytawe.org\/index.php?rest_route=%2Fwp%2Fv2%2Fcomments&post=58"}],"version-history":[{"count":17,"href":"https:\/\/cortytawe.org\/index.php?rest_route=\/wp\/v2\/pages\/58\/revisions"}],"predecessor-version":[{"id":2506,"href":"https:\/\/cortytawe.org\/index.php?rest_route=\/wp\/v2\/pages\/58\/revisions\/2506"}],"wp:attachment":[{"href":"https:\/\/cortytawe.org\/index.php?rest_route=%2Fwp%2Fv2%2Fmedia&parent=58"}],"curies":[{"name":"wp","href":"https:\/\/api.w.org\/{rel}","templated":true}]}}